{"id":9,"date":"2015-11-14T10:59:24","date_gmt":"2015-11-14T10:59:24","guid":{"rendered":"https:\/\/jeanineduering.ch\/?page_id=9"},"modified":"2025-07-20T19:36:20","modified_gmt":"2025-07-20T19:36:20","slug":"about-me","status":"publish","type":"page","link":"https:\/\/jeanineduering.ch\/index.php\/about-me\/","title":{"rendered":"\u00fcber mich"},"content":{"rendered":"<div class=\"fusion-fullwidth fullwidth-box fusion-builder-row-1 fusion-flex-container nonhundred-percent-fullwidth non-hundred-percent-height-scrolling\" style=\"background-color: rgba(255,255,255,0);background-position: left top;background-repeat: no-repeat;border-width: 0px 0px 0px 0px;border-color:#eae9e9;border-style:solid;\" ><div class=\"fusion-builder-row fusion-row fusion-flex-align-items-flex-start\" style=\"max-width:1144px;margin-left: calc(-4% \/ 2 );margin-right: calc(-4% \/ 2 );\"><div class=\"fusion-layout-column fusion_builder_column fusion-builder-column-0 fusion_builder_column_1_1 1_1 fusion-flex-column\"><div class=\"fusion-column-wrapper fusion-flex-justify-content-flex-start fusion-content-layout-column\" style=\"background-position:left top;background-repeat:no-repeat;-webkit-background-size:cover;-moz-background-size:cover;-o-background-size:cover;background-size:cover;padding: 0% 15% 0% 15%;\"><style type=\"text\/css\">@media only screen and (max-width:1024px) {.fusion-title.fusion-title-1{margin-top:0px!important; margin-right:0px!important;margin-bottom:31px!important;margin-left:0px!important;}}@media only screen and (max-width:640px) {.fusion-title.fusion-title-1{margin-top:10px!important; margin-right:0px!important;margin-bottom:10px!important; margin-left:0px!important;}}<\/style><div class=\"fusion-title title fusion-title-1 fusion-sep-none fusion-title-center fusion-title-text fusion-title-size-three\" style=\"margin-top:0px;margin-right:0px;margin-bottom:31px;margin-left:0px;\"><h3 class=\"title-heading-center\" style=\"margin:0;\"><p>Wildlife \/ Portr\u00e4t \/ Hochzeiten \/ Reproduktionen<\/p>\n<p>Seit \u00fcber 10 Jahren begleite ich Menschen, Tiere und besondere Momente mit meiner Kamera. Mein Fokus liegt auf Wildlife-, Portr\u00e4t- und Hochzeitsfotografie sowie Reproduktionen von Bildern und Kunstwerken &#8211; mit Feingef\u00fchl, Geduld und einem Blick f\u00fcr das Wesentliche.<\/p>\n<p>Durch meine weitere T\u00e4tigkeit in der Neophytenbek\u00e4mpfung f\u00fcr verschiedene \u00c4mter habe ich die Gelegenheit, in den Naturschutzgebieten Flora und Fauna fotografisch einzufangen.<\/p>\n<p>Mein technisches Know-how vertiefte ich im Studienlehrgang \u201eCertificate of Advanced Studies Fotografie\u201c an der Z\u00fcrich Hochschule der K\u00fcnste, den ich 2018 erfolgreich abgeschlossen habe.<\/p>\n<p>Auszeichnungen:<\/p>\n<p>2018 Fotomarathon Z\u00fcrich 2. Platz<br \/>\n2023 Lobende Erw\u00e4hnung in der Naturfotografie<\/p>\n<p>Auftragggeber:<\/p>\n<p>Basler Versicherungen AG<br \/>\nGebr. Hodel AG<br \/>\nSP Baar<br \/>\nR\u00e4benfasnacht Baar<br \/>\nReichmuth Fleischwaren AG<br \/>\nDr. Richard T. Meier<br \/>\nJ\u00fcrg Wylenmann<br \/>\nMarie Louise Werth<br \/>\nKarina Wisniewska<br \/>\nPastoralraum Oberseetal<br \/>\nund andere<\/p><\/h3><\/div><\/div><style type=\"text\/css\">.fusion-body .fusion-builder-column-0{width:100% !important;margin-top : 0px;margin-bottom : 20px;}.fusion-builder-column-0 > .fusion-column-wrapper {padding-top : 0% !important;padding-right : 15% !important;margin-right : 1.92%;padding-bottom : 0% !important;padding-left : 15% !important;margin-left : 1.92%;}@media only screen and (max-width:1024px) {.fusion-body .fusion-builder-column-0{width:100% !important;}.fusion-builder-column-0 > .fusion-column-wrapper {margin-right : 1.92%;margin-left : 1.92%;}}@media only screen and (max-width:640px) {.fusion-body .fusion-builder-column-0{width:100% !important;margin-bottom : 20px;}.fusion-builder-column-0 > .fusion-column-wrapper {padding-right : 20px !important;margin-right : 1.92%;padding-left : 20px !important;margin-left : 1.92%;}}<\/style><\/div><\/div><style type=\"text\/css\">.fusion-body .fusion-flex-container.fusion-builder-row-1{ padding-top : 40px;margin-top : 0px;padding-right : 0px;padding-bottom : 3%;margin-bottom : 0px;padding-left : 0px;}<\/style><\/div>\n","protected":false},"excerpt":{"rendered":"","protected":false},"author":2,"featured_media":0,"parent":0,"menu_order":0,"comment_status":"closed","ping_status":"closed","template":"100-width.php","meta":{"footnotes":""},"class_list":["post-9","page","type-page","status-publish","hentry"],"_links":{"self":[{"href":"https:\/\/jeanineduering.ch\/index.php\/wp-json\/wp\/v2\/pages\/9","targetHints":{"allow":["GET"]}}],"collection":[{"href":"https:\/\/jeanineduering.ch\/index.php\/wp-json\/wp\/v2\/pages"}],"about":[{"href":"https:\/\/jeanineduering.ch\/index.php\/wp-json\/wp\/v2\/types\/page"}],"author":[{"embeddable":true,"href":"https:\/\/jeanineduering.ch\/index.php\/wp-json\/wp\/v2\/users\/2"}],"replies":[{"embeddable":true,"href":"https:\/\/jeanineduering.ch\/index.php\/wp-json\/wp\/v2\/comments?post=9"}],"version-history":[{"count":6,"href":"https:\/\/jeanineduering.ch\/index.php\/wp-json\/wp\/v2\/pages\/9\/revisions"}],"predecessor-version":[{"id":1114,"href":"https:\/\/jeanineduering.ch\/index.php\/wp-json\/wp\/v2\/pages\/9\/revisions\/1114"}],"wp:attachment":[{"href":"https:\/\/jeanineduering.ch\/index.php\/wp-json\/wp\/v2\/media?parent=9"}],"curies":[{"name":"wp","href":"https:\/\/api.w.org\/{rel}","templated":true}]}}